{"id":10563,"date":"2022-06-21T20:32:04","date_gmt":"2022-06-21T20:32:04","guid":{"rendered":"https:\/\/sacramentolips.com\/tecnicas\/"},"modified":"2024-11-14T17:07:23","modified_gmt":"2024-11-14T17:07:23","slug":"tecnicas","status":"publish","type":"page","link":"https:\/\/www.sacramentolips.com\/es\/tecnicas\/","title":{"rendered":"T\u00e9cnicas"},"content":{"rendered":"<section class=\"wpb-content-wrapper\"><p>[vc_row css=\u00bb.vc_custom_1731595429247{margin-top: 100px !important;}\u00bb][vc_column][vc_empty_space height=\u00bb30px\u00bb][vc_column_text]<span style=\"vertical-align: inherit;\"><span style=\"vertical-align: inherit;\">[\/vc_column_text][\/vc_column][\/vc_row][vc_row row_content_width=\u00bbgrid\u00bb css=\u00bb.vc_custom_1731604000202{padding-top: 50px !important;}\u00bb el_class=\u00bbtitle-ca\u00bb][vc_column css=\u00bb.vc_custom_1731598872955{margin-top: -50px !important;margin-bottom: 30px !important;}\u00bb][vc_custom_heading text=\u00bbT\u00c9CNICAS\u00bb font_container=\u00bbtag:h2|text_align:center|color:%23545c63&#8243; google_fonts=\u00bbfont_family:montserrat%3Aregular|font_style:400%20regular%3A400%3Anormal\u00bb][\/vc_column][\/vc_row][vc_row row_content_width=\u00bbgrid\u00bb css=\u00bb.vc_custom_1731604029098{padding-bottom: 30px !important;}\u00bb][vc_column offset=\u00bbvc_col-lg-6 vc_col-xs-12&#8243;]<div class=\"mkdf-elements-holder mkdf-one-column mkdf-responsive-mode-768\" ><div class=\"mkdf-eh-item \"  data-item-class=\"mkdf-eh-custom-781409\" data-1280-1600=\"52px 0% 0px\" data-1024-1280=\"39px 0% 0px\" data-768-1024=\"0px 0%\" data-600-768=\"0px 0%\" data-480-600=\"0px 0%\" data-480=\"0px 0%\">\n\t<div class=\"mkdf-eh-item-inner\">\n\t\t<div class=\"mkdf-eh-item-content mkdf-eh-custom-781409\" style=\"padding: 52px 0% 0px\">\n\t\t\t[vc_column_text css=\u00bb.vc_custom_1655844318015{margin-top: -18px !important;padding-bottom: 2px !important;}\u00bb]<b>ARCO DE CUPIDO O T\u00c9CNICA RUSA<\/b>[\/vc_column_text][vc_column_text]<span style=\"font-weight: 400;\">La m\u00e1s popular del momento. Acent\u00faa el arco de cupido para que parezca una forma de coraz\u00f3n, inyectando volumen adicional para levantar el centro de los labios, mientras que los lados permanecen relativamente en l\u00ednea con la cara. Podemos combinarlo con el labio inferior en forma de coraz\u00f3n, con volumen o con puchero.\u00a0<\/span>[\/vc_column_text][vc_empty_space height=\u00bb14px\u00bb]\t\t<\/div>\n\t<\/div>\n<\/div><\/div>[vc_empty_space height=\u00bb50px\u00bb][\/vc_column][vc_column offset=\u00bbvc_col-lg-6 vc_col-xs-12&#8243;][vc_single_image image=\u00bb10550&#8243; img_size=\u00bbfull\u00bb alignment=\u00bbcenter\u00bb][vc_empty_space height=\u00bb50px\u00bb][\/vc_column][\/vc_row][vc_row row_content_width=\u00bbgrid\u00bb][vc_column][vc_separator color=\u00bbcustom\u00bb accent_color=\u00bb#e1e1e1&#8243;][\/vc_column][\/vc_row][vc_row row_content_width=\u00bbgrid\u00bb css=\u00bb.vc_custom_1654552118204{padding-top: 50px !important;padding-bottom: 30px !important;}\u00bb][vc_column offset=\u00bbvc_col-lg-6 vc_col-xs-12&#8243;]<div class=\"mkdf-elements-holder mkdf-one-column mkdf-responsive-mode-768\" ><div class=\"mkdf-eh-item \"  data-item-class=\"mkdf-eh-custom-948894\" data-1280-1600=\"52px 0% 0px\" data-1024-1280=\"39px 0% 0px\" data-768-1024=\"0px 0%\" data-600-768=\"0px 0%\" data-480-600=\"0px 0%\" data-480=\"0px 0%\">\n\t<div class=\"mkdf-eh-item-inner\">\n\t\t<div class=\"mkdf-eh-item-content mkdf-eh-custom-948894\" style=\"padding: 52px 0% 0px\">\n\t\t\t[vc_column_text css=\u00bb.vc_custom_1655844334919{margin-top: -18px !important;padding-bottom: 2px !important;}\u00bb]<b>LABIOS REDONDOS<\/b>[\/vc_column_text][vc_column_text]<span style=\"font-weight: 400;\">Los labios m\u00e1s perfectamente equilibrados con los labios superior e inferior proporcionalmente llenos. Estos labios carnosos y almohadillados, con el labio inferior generalmente sobresaliente, suelen convertirse en el centro de atenci\u00f3n de su rostro. Mantienen la forma tradicional en la que uno puede pensar cuando imagina unos labios, ya que mantienen la forma de sus labios.<\/span>[\/vc_column_text][vc_empty_space height=\u00bb14px\u00bb]\t\t<\/div>\n\t<\/div>\n<\/div><\/div>[vc_empty_space height=\u00bb50px\u00bb][\/vc_column][vc_column offset=\u00bbvc_col-lg-6 vc_col-xs-12&#8243;][vc_single_image image=\u00bb10554&#8243; img_size=\u00bbfull\u00bb alignment=\u00bbcenter\u00bb][vc_empty_space height=\u00bb50px\u00bb][\/vc_column][\/vc_row][vc_row row_content_width=\u00bbgrid\u00bb][vc_column][vc_separator color=\u00bbcustom\u00bb accent_color=\u00bb#e1e1e1&#8243;][\/vc_column][\/vc_row][vc_row row_content_width=\u00bbgrid\u00bb css=\u00bb.vc_custom_1654552118204{padding-top: 50px !important;padding-bottom: 30px !important;}\u00bb][vc_column offset=\u00bbvc_col-lg-6 vc_col-xs-12&#8243;]<div class=\"mkdf-elements-holder mkdf-one-column mkdf-responsive-mode-768\" ><div class=\"mkdf-eh-item \"  data-item-class=\"mkdf-eh-custom-657887\" data-1280-1600=\"52px 0% 0px\" data-1024-1280=\"39px 0% 0px\" data-768-1024=\"0px 0%\" data-600-768=\"0px 0%\" data-480-600=\"0px 0%\" data-480=\"0px 0%\">\n\t<div class=\"mkdf-eh-item-inner\">\n\t\t<div class=\"mkdf-eh-item-content mkdf-eh-custom-657887\" style=\"padding: 52px 0% 0px\">\n\t\t\t[vc_column_text css=\u00bb.vc_custom_1655844353968{margin-top: -18px !important;padding-bottom: 2px !important;}\u00bb]<b>FORMA DE CORAZ\u00d3N<\/b>[\/vc_column_text][vc_column_text]<span style=\"font-weight: 400;\">Esta t\u00e9cnica se realiza para recrear la hermosa forma natural del coraz\u00f3n de los labios. Nos centramos en darle altura a los picos del labio superior y en aplomar el centro del labio inferior.<\/span>[\/vc_column_text][vc_empty_space height=\u00bb14px\u00bb]\t\t<\/div>\n\t<\/div>\n<\/div><\/div>[vc_empty_space height=\u00bb50px\u00bb][\/vc_column][vc_column offset=\u00bbvc_col-lg-6 vc_col-xs-12&#8243;][vc_single_image image=\u00bb10552&#8243; img_size=\u00bbfull\u00bb alignment=\u00bbcenter\u00bb][vc_empty_space height=\u00bb50px\u00bb][\/vc_column][\/vc_row][vc_row row_content_width=\u00bbgrid\u00bb][vc_column][vc_separator color=\u00bbcustom\u00bb accent_color=\u00bb#e1e1e1&#8243;][\/vc_column][\/vc_row][vc_row row_content_width=\u00bbgrid\u00bb css=\u00bb.vc_custom_1654552118204{padding-top: 50px !important;padding-bottom: 30px !important;}\u00bb][vc_column offset=\u00bbvc_col-lg-6 vc_col-xs-12&#8243;]<div class=\"mkdf-elements-holder mkdf-one-column mkdf-responsive-mode-768\" ><div class=\"mkdf-eh-item \"  data-item-class=\"mkdf-eh-custom-464110\" data-1280-1600=\"52px 0% 0px\" data-1024-1280=\"39px 0% 0px\" data-768-1024=\"0px 0%\" data-600-768=\"0px 0%\" data-480-600=\"0px 0%\" data-480=\"0px 0%\">\n\t<div class=\"mkdf-eh-item-inner\">\n\t\t<div class=\"mkdf-eh-item-content mkdf-eh-custom-464110\" style=\"padding: 52px 0% 0px\">\n\t\t\t[vc_column_text css=\u00bb.vc_custom_1655844372200{margin-top: -18px !important;padding-bottom: 2px !important;}\u00bb]<b>LABIOS FINOS<\/b>[\/vc_column_text][vc_column_text]<span style=\"font-weight: 400;\">Acent\u00faa el labio superior e inferior d\u00e1ndole un aumento sutil sin levantar el \u00abarco de cupido\u00bb. Este tipo de labio parece tener todo su volumen en el centro, adelgaz\u00e1ndose hacia las comisuras de la boca.<\/span>[\/vc_column_text][vc_empty_space height=\u00bb14px\u00bb]\t\t<\/div>\n\t<\/div>\n<\/div><\/div>[vc_empty_space height=\u00bb50px\u00bb][\/vc_column][vc_column offset=\u00bbvc_col-lg-6 vc_col-xs-12&#8243;][vc_single_image image=\u00bb10560&#8243; img_size=\u00bbfull\u00bb alignment=\u00bbcenter\u00bb][vc_empty_space height=\u00bb50px\u00bb][\/vc_column][\/vc_row][vc_row row_content_width=\u00bbgrid\u00bb][vc_column][vc_separator color=\u00bbcustom\u00bb accent_color=\u00bb#e1e1e1&#8243;][\/vc_column][\/vc_row][vc_row row_content_width=\u00bbgrid\u00bb css=\u00bb.vc_custom_1654552118204{padding-top: 50px !important;padding-bottom: 30px !important;}\u00bb][vc_column offset=\u00bbvc_col-lg-6 vc_col-xs-12&#8243;]<div class=\"mkdf-elements-holder mkdf-one-column mkdf-responsive-mode-768\" ><div class=\"mkdf-eh-item \"  data-item-class=\"mkdf-eh-custom-656632\" data-1280-1600=\"52px 0% 0px\" data-1024-1280=\"39px 0% 0px\" data-768-1024=\"0px 0%\" data-600-768=\"0px 0%\" data-480-600=\"0px 0%\" data-480=\"0px 0%\">\n\t<div class=\"mkdf-eh-item-inner\">\n\t\t<div class=\"mkdf-eh-item-content mkdf-eh-custom-656632\" style=\"padding: 52px 0% 0px\">\n\t\t\t[vc_column_text css=\u00bb.vc_custom_1655844411863{margin-top: -18px !important;padding-bottom: 2px !important;}\u00bb]<b>EL LABIO INFERIOR EN FORMA DE PUCHERO<\/b>[\/vc_column_text][vc_column_text]<span style=\"font-weight: 400;\">Este estilo de realce de labios acent\u00faa el labio inferior, centr\u00e1ndose expl\u00edcitamente en las dos l\u00e1grimas que se forman tras la inyecci\u00f3n. El labio pouty se consigue acentuando las dos formas de l\u00e1grima para conseguir un efecto m\u00e1s juvenil y voluminoso.\u00a0<\/span>[\/vc_column_text][vc_empty_space height=\u00bb14px\u00bb]\t\t<\/div>\n\t<\/div>\n<\/div><\/div>[vc_empty_space height=\u00bb50px\u00bb][\/vc_column][vc_column offset=\u00bbvc_col-lg-6 vc_col-xs-12&#8243;][vc_single_image image=\u00bb10558&#8243; img_size=\u00bbfull\u00bb alignment=\u00bbcenter\u00bb][vc_empty_space height=\u00bb50px\u00bb][\/vc_column][\/vc_row][vc_row row_content_width=\u00bbgrid\u00bb][vc_column][vc_separator color=\u00bbcustom\u00bb accent_color=\u00bb#e1e1e1&#8243;][\/vc_column][\/vc_row][vc_row row_content_width=\u00bbgrid\u00bb css=\u00bb.vc_custom_1654552118204{padding-top: 50px !important;padding-bottom: 30px !important;}\u00bb][vc_column offset=\u00bbvc_col-lg-6 vc_col-xs-12&#8243;]<div class=\"mkdf-elements-holder mkdf-one-column mkdf-responsive-mode-768\" ><div class=\"mkdf-eh-item \"  data-item-class=\"mkdf-eh-custom-689045\" data-1280-1600=\"52px 0% 0px\" data-1024-1280=\"39px 0% 0px\" data-768-1024=\"0px 0%\" data-600-768=\"0px 0%\" data-480-600=\"0px 0%\" data-480=\"0px 0%\">\n\t<div class=\"mkdf-eh-item-inner\">\n\t\t<div class=\"mkdf-eh-item-content mkdf-eh-custom-689045\" style=\"padding: 52px 0% 0px\">\n\t\t\t[vc_column_text css=\u00bb.vc_custom_1655844430519{margin-top: -18px !important;padding-bottom: 2px !important;}\u00bb]<b>LABIO INFERIOR REDONDO<\/b>[\/vc_column_text][vc_column_text]<span style=\"font-weight: 400;\">Este labio inferior, acolchado y lleno, suele tener un volumen centrado en la secci\u00f3n media del labio, sin rellenar las comisuras del mismo.<\/span>[\/vc_column_text][vc_empty_space height=\u00bb14px\u00bb]\t\t<\/div>\n\t<\/div>\n<\/div><\/div>[vc_empty_space height=\u00bb50px\u00bb][\/vc_column][vc_column offset=\u00bbvc_col-lg-6 vc_col-xs-12&#8243;][vc_single_image image=\u00bb10556&#8243; img_size=\u00bbfull\u00bb alignment=\u00bbcenter\u00bb][vc_empty_space height=\u00bb50px\u00bb][\/vc_column][\/vc_row][vc_row][vc_column][vc_column_text]<\/span><\/span>[\/vc_column_text][\/vc_column][\/vc_row]<\/p>\n<\/section>","protected":false},"excerpt":{"rendered":"<p>[vc_row css=\u00bb.vc_custom_1731595429247{margin-top: 100px !important;}\u00bb][vc_column][vc_empty_space height=\u00bb30px\u00bb][vc_column_text][\/vc_column_text][\/vc_column][\/vc_row][vc_row row_content_width=\u00bbgrid\u00bb css=\u00bb.vc_custom_1731604000202{padding-top: 50px !important;}\u00bb el_class=\u00bbtitle-ca\u00bb][vc_column css=\u00bb.vc_custom_1731598872955{margin-top: -50px !important;margin-bottom: 30px !important;}\u00bb][vc_custom_heading text=\u00bbT\u00c9CNICAS\u00bb font_container=\u00bbtag:h2|text_align:center|color:%23545c63&#8243; google_fonts=\u00bbfont_family:montserrat%3Aregular|font_style:400%20regular%3A400%3Anormal\u00bb][\/vc_column][\/vc_row][vc_row row_content_width=\u00bbgrid\u00bb css=\u00bb.vc_custom_1731604029098{padding-bottom: 30px !important;}\u00bb][vc_column offset=\u00bbvc_col-lg-6 vc_col-xs-12&#8243;][vc_empty_space height=\u00bb50px\u00bb][\/vc_column][vc_column offset=\u00bbvc_col-lg-6 vc_col-xs-12&#8243;][vc_single_image image=\u00bb10550&#8243; img_size=\u00bbfull\u00bb alignment=\u00bbcenter\u00bb][vc_empty_space height=\u00bb50px\u00bb][\/vc_column][\/vc_row][vc_row row_content_width=\u00bbgrid\u00bb][vc_column][vc_separator color=\u00bbcustom\u00bb accent_color=\u00bb#e1e1e1&#8243;][\/vc_column][\/vc_row][vc_row row_content_width=\u00bbgrid\u00bb css=\u00bb.vc_custom_1654552118204{padding-top: 50px !important;padding-bottom: 30px !important;}\u00bb][vc_column [&hellip;]<\/p>\n","protected":false},"author":1,"featured_media":0,"parent":0,"menu_order":0,"comment_status":"closed","ping_status":"closed","template":"","meta":{"footnotes":""},"class_list":["post-10563","page","type-page","status-publish","hentry"],"aioseo_notices":[],"aioseo_head":"\n\t\t<!-- All in One SEO Pro 4.9.6.2 - aioseo.com -->\n\t<meta name=\"description\" content=\"Los rellenos faciales son sustancias que se inyectan en la piel para suavizar las arrugas y hacerlas menos perceptibles.\" \/>\n\t<meta name=\"robots\" content=\"noindex, max-snippet:-1, max-image-preview:large, max-video-preview:-1\" \/>\n\t<link rel=\"canonical\" href=\"https:\/\/www.sacramentolips.com\/es\/tecnicas\/\" \/>\n\t<meta name=\"generator\" content=\"All in One SEO Pro (AIOSEO) 4.9.6.2\" \/>\n\t\t<script type=\"application\/ld+json\" class=\"aioseo-schema\">\n\t\t\t{\"@context\":\"https:\\\/\\\/schema.org\",\"@graph\":[{\"@type\":\"BreadcrumbList\",\"@id\":\"https:\\\/\\\/www.sacramentolips.com\\\/es\\\/tecnicas\\\/#breadcrumblist\",\"itemListElement\":[{\"@type\":\"ListItem\",\"@id\":\"https:\\\/\\\/www.sacramentolips.com\\\/es\\\/#listItem\",\"position\":1,\"name\":\"Home\",\"item\":\"https:\\\/\\\/www.sacramentolips.com\\\/es\\\/\",\"nextItem\":{\"@type\":\"ListItem\",\"@id\":\"https:\\\/\\\/www.sacramentolips.com\\\/es\\\/tecnicas\\\/#listItem\",\"name\":\"T\\u00e9cnicas\"}},{\"@type\":\"ListItem\",\"@id\":\"https:\\\/\\\/www.sacramentolips.com\\\/es\\\/tecnicas\\\/#listItem\",\"position\":2,\"name\":\"T\\u00e9cnicas\",\"previousItem\":{\"@type\":\"ListItem\",\"@id\":\"https:\\\/\\\/www.sacramentolips.com\\\/es\\\/#listItem\",\"name\":\"Home\"}}]},{\"@type\":\"Organization\",\"@id\":\"https:\\\/\\\/www.sacramentolips.com\\\/es\\\/#organization\",\"name\":\"Sacramento Lips\",\"description\":\"Centro de inyectables\",\"url\":\"https:\\\/\\\/www.sacramentolips.com\\\/es\\\/\"},{\"@type\":\"WebPage\",\"@id\":\"https:\\\/\\\/www.sacramentolips.com\\\/es\\\/tecnicas\\\/#webpage\",\"url\":\"https:\\\/\\\/www.sacramentolips.com\\\/es\\\/tecnicas\\\/\",\"name\":\"T\\u00e9cnicas - Sacramento Lips\",\"description\":\"Los rellenos faciales son sustancias que se inyectan en la piel para suavizar las arrugas y hacerlas menos perceptibles.\",\"inLanguage\":\"es-ES\",\"isPartOf\":{\"@id\":\"https:\\\/\\\/www.sacramentolips.com\\\/es\\\/#website\"},\"breadcrumb\":{\"@id\":\"https:\\\/\\\/www.sacramentolips.com\\\/es\\\/tecnicas\\\/#breadcrumblist\"},\"datePublished\":\"2022-06-21T20:32:04+00:00\",\"dateModified\":\"2024-11-14T17:07:23+00:00\"},{\"@type\":\"WebSite\",\"@id\":\"https:\\\/\\\/www.sacramentolips.com\\\/es\\\/#website\",\"url\":\"https:\\\/\\\/www.sacramentolips.com\\\/es\\\/\",\"name\":\"Sacramento Lips\",\"description\":\"Centro de inyectables\",\"inLanguage\":\"es-ES\",\"publisher\":{\"@id\":\"https:\\\/\\\/www.sacramentolips.com\\\/es\\\/#organization\"}}]}\n\t\t<\/script>\n\t\t<!-- All in One SEO Pro -->\r\n\t\t<title>T\u00e9cnicas - Sacramento Lips<\/title>\n\n","aioseo_head_json":{"title":"T\u00e9cnicas - Sacramento Lips","description":"Los rellenos faciales son sustancias que se inyectan en la piel para suavizar las arrugas y hacerlas menos perceptibles.","canonical_url":"https:\/\/www.sacramentolips.com\/es\/tecnicas\/","robots":"noindex, max-snippet:-1, max-image-preview:large, max-video-preview:-1","keywords":"","webmasterTools":{"miscellaneous":""},"schema":{"@context":"https:\/\/schema.org","@graph":[{"@type":"BreadcrumbList","@id":"https:\/\/www.sacramentolips.com\/es\/tecnicas\/#breadcrumblist","itemListElement":[{"@type":"ListItem","@id":"https:\/\/www.sacramentolips.com\/es\/#listItem","position":1,"name":"Home","item":"https:\/\/www.sacramentolips.com\/es\/","nextItem":{"@type":"ListItem","@id":"https:\/\/www.sacramentolips.com\/es\/tecnicas\/#listItem","name":"T\u00e9cnicas"}},{"@type":"ListItem","@id":"https:\/\/www.sacramentolips.com\/es\/tecnicas\/#listItem","position":2,"name":"T\u00e9cnicas","previousItem":{"@type":"ListItem","@id":"https:\/\/www.sacramentolips.com\/es\/#listItem","name":"Home"}}]},{"@type":"Organization","@id":"https:\/\/www.sacramentolips.com\/es\/#organization","name":"Sacramento Lips","description":"Centro de inyectables","url":"https:\/\/www.sacramentolips.com\/es\/"},{"@type":"WebPage","@id":"https:\/\/www.sacramentolips.com\/es\/tecnicas\/#webpage","url":"https:\/\/www.sacramentolips.com\/es\/tecnicas\/","name":"T\u00e9cnicas - Sacramento Lips","description":"Los rellenos faciales son sustancias que se inyectan en la piel para suavizar las arrugas y hacerlas menos perceptibles.","inLanguage":"es-ES","isPartOf":{"@id":"https:\/\/www.sacramentolips.com\/es\/#website"},"breadcrumb":{"@id":"https:\/\/www.sacramentolips.com\/es\/tecnicas\/#breadcrumblist"},"datePublished":"2022-06-21T20:32:04+00:00","dateModified":"2024-11-14T17:07:23+00:00"},{"@type":"WebSite","@id":"https:\/\/www.sacramentolips.com\/es\/#website","url":"https:\/\/www.sacramentolips.com\/es\/","name":"Sacramento Lips","description":"Centro de inyectables","inLanguage":"es-ES","publisher":{"@id":"https:\/\/www.sacramentolips.com\/es\/#organization"}}]}},"aioseo_meta_data":{"post_id":"10563","title":null,"description":"Los rellenos faciales son sustancias que se inyectan en la piel para suavizar las arrugas y hacerlas menos perceptibles.","keywords":null,"keyphrases":{"focus":{"keyphrase":"","score":0,"analysis":{"keyphraseInTitle":{"score":0,"maxScore":9,"error":1}}},"additional":[]},"primary_term":null,"canonical_url":null,"og_title":null,"og_description":null,"og_object_type":"default","og_image_type":"content","og_image_url":"","og_image_width":"0","og_image_height":"0","og_image_custom_url":null,"og_image_custom_fields":null,"og_video":"","og_custom_url":null,"og_article_section":null,"og_article_tags":null,"twitter_use_og":true,"twitter_card":"default","twitter_image_type":"default","twitter_image_url":null,"twitter_image_custom_url":null,"twitter_image_custom_fields":null,"twitter_title":null,"twitter_description":null,"schema":{"blockGraphs":[],"customGraphs":[],"default":{"data":{"Article":[],"Course":[],"Dataset":[],"FAQPage":[],"Movie":[],"Person":[],"Product":[],"ProductReview":[],"Car":[],"Recipe":[],"Service":[],"SoftwareApplication":[],"WebPage":[]},"graphName":"WebPage","isEnabled":true},"graphs":[]},"schema_type":"default","schema_type_options":null,"pillar_content":false,"robots_default":false,"robots_noindex":true,"robots_noarchive":false,"robots_nosnippet":false,"robots_nofollow":false,"robots_noimageindex":false,"robots_noodp":false,"robots_notranslate":false,"robots_max_snippet":"-1","robots_max_videopreview":"-1","robots_max_imagepreview":"large","priority":null,"frequency":"default","local_seo":null,"seo_analyzer_scan_date":"2025-08-15 10:19:54","breadcrumb_settings":null,"limit_modified_date":false,"open_ai":"{\"title\":{\"suggestions\":[],\"usage\":0},\"description\":{\"suggestions\":[],\"usage\":0}}","ai":null,"created":"2023-10-26 13:06:14","updated":"2025-10-24 05:46:28"},"aioseo_breadcrumb":"<div class=\"aioseo-breadcrumbs\"><span class=\"aioseo-breadcrumb\">\n\t<a href=\"https:\/\/www.sacramentolips.com\/es\/\" title=\"Home\">Home<\/a>\n<\/span><span class=\"aioseo-breadcrumb-separator\">&raquo;<\/span><span class=\"aioseo-breadcrumb\">\n\tT\u00e9cnicas\n<\/span><\/div>","aioseo_breadcrumb_json":[{"label":"Home","link":"https:\/\/www.sacramentolips.com\/es\/"},{"label":"T\u00e9cnicas","link":"https:\/\/www.sacramentolips.com\/es\/tecnicas\/"}],"_links":{"self":[{"href":"https:\/\/www.sacramentolips.com\/es\/wp-json\/wp\/v2\/pages\/10563","targetHints":{"allow":["GET"]}}],"collection":[{"href":"https:\/\/www.sacramentolips.com\/es\/wp-json\/wp\/v2\/pages"}],"about":[{"href":"https:\/\/www.sacramentolips.com\/es\/wp-json\/wp\/v2\/types\/page"}],"author":[{"embeddable":true,"href":"https:\/\/www.sacramentolips.com\/es\/wp-json\/wp\/v2\/users\/1"}],"replies":[{"embeddable":true,"href":"https:\/\/www.sacramentolips.com\/es\/wp-json\/wp\/v2\/comments?post=10563"}],"version-history":[{"count":0,"href":"https:\/\/www.sacramentolips.com\/es\/wp-json\/wp\/v2\/pages\/10563\/revisions"}],"wp:attachment":[{"href":"https:\/\/www.sacramentolips.com\/es\/wp-json\/wp\/v2\/media?parent=10563"}],"curies":[{"name":"wp","href":"https:\/\/api.w.org\/{rel}","templated":true}]}}