{"id":10519,"date":"2017-04-20T14:56:27","date_gmt":"2017-04-20T14:56:27","guid":{"rendered":"https:\/\/sacramentolips.com\/contacto\/"},"modified":"2026-04-14T20:18:41","modified_gmt":"2026-04-14T20:18:41","slug":"contacto","status":"publish","type":"page","link":"https:\/\/www.sacramentolips.com\/es\/contacto\/","title":{"rendered":"Contacto"},"content":{"rendered":"<section class=\"wpb-content-wrapper\"><p>[vc_row][vc_column][vc_empty_space height=\u00bb150px\u00bb el_class=\u00bbespaciomovil\u00bb]<div class=\"mkdf-section-title-holder mkdf-st-standard mkdf-st-title-left mkdf-st-normal-space \" style=\"padding: 0 0px 0% 0px;text-align: center\">\n\t<div class=\"mkdf-st-inner\">\n\t\t\t\t\t<h1 class=\"mkdf-st-title\" >\n\t\t\t\t<span class=\"mkdf-st-title-bold\">CONTACTO<\/span> <span class=\"mkdf-st-title-bold\"><\/span> <span class=\"mkdf-st-title-bold\"><\/span>\t\t\t<\/h1>\n\t\t\t\t\t<\/div>\n<\/div>[\/vc_column][\/vc_row][vc_row row_content_width=\u00bbgrid\u00bb css=\u00bb.vc_custom_1629972954181{padding-top: 100px !important;padding-bottom: 61px !important;}\u00bb el_class=\u00bb.mkdf-contact-info\u00bb][vc_column css=\u00bb.vc_custom_1630679422600{margin-top: -30px !important;}\u00bb offset=\u00bbvc_col-lg-6 vc_col-xs-12&#8243;][vc_empty_space][vc_column_text]<\/p>\n<h5><strong>\u00a1Reserve su consulta con nosotros!<\/strong><\/h5>\n<p><span style=\"font-weight: 400;\">Tenemos una tarifa de consulta de $50 que se aplica al costo de su procedimiento ideal.<\/span><\/p>\n<p><span style=\"font-weight: 400;\">Despu\u00e9s de llenar el formulario, uno de nuestros consultores se pondr\u00e1 en contacto con usted por tel\u00e9fono para establecer una fecha para su consulta y tomar su informaci\u00f3n de pago.\u00a0<\/span><\/p>\n<h5><strong>Cirug\u00eda Pl\u00e1stica Ideal<\/strong><\/h5>\n<h5><strong>\u00a1Resultados ideales!<\/strong><\/h5>\n<p>[\/vc_column_text][vc_empty_space][vc_row_inner][vc_column_inner width=\u00bb1\/2&#8243;][vc_column_text]<\/p>\n<h5>Contacto<\/h5>\n<p>[\/vc_column_text][vc_column_text]<a style=\"color: inherit; text-decoration: none;\" href=\"tel:+9166643391\">Tel: 916 664 3391<\/a>[\/vc_column_text][vc_empty_space][vc_column_text]<\/p>\n<h5>Correo<\/h5>\n<p>[\/vc_column_text][vc_column_text]joel@idealsacramento.com<br \/>\n<span style=\"font-weight: 400;\">drluke@idealsacramento.com\u00a0<\/span>[\/vc_column_text][vc_empty_space][\/vc_column_inner][vc_column_inner width=\u00bb1\/2&#8243;][vc_column_text]<\/p>\n<h5>Lunes &#8211; S\u00e1bado<\/h5>\n<p>[\/vc_column_text][vc_column_text]9:00 a.m. \u2013 5:00 p.m.<\/p>\n<p>[\/vc_column_text][vc_empty_space][vc_column_text]<\/p>\n<h5>Direcci\u00f3n<\/h5>\n<p>[\/vc_column_text][vc_column_text]77 Cadillac Dr. Suite 170<br \/>\nSacramento, Ca 95825<\/p>\n<p>[\/vc_column_text][vc_empty_space][\/vc_column_inner][\/vc_row_inner][\/vc_column][vc_column offset=\u00bbvc_col-lg-6 vc_col-xs-12&#8243;]\n<div class=\"wpcf7 no-js\" id=\"wpcf7-f10536-o1\" lang=\"en-US\" dir=\"ltr\" data-wpcf7-id=\"10536\">\n<div class=\"screen-reader-response\"><p role=\"status\" aria-live=\"polite\" aria-atomic=\"true\"><\/p> <ul><\/ul><\/div>\n<form action=\"\/es\/wp-json\/wp\/v2\/pages\/10519#wpcf7-f10536-o1\" method=\"post\" class=\"wpcf7-form init\" aria-label=\"Contact form\" novalidate=\"novalidate\" data-status=\"init\">\n<fieldset class=\"hidden-fields-container\"><input type=\"hidden\" name=\"_wpcf7\" value=\"10536\" \/><input type=\"hidden\" name=\"_wpcf7_version\" value=\"6.1.6\" \/><input type=\"hidden\" name=\"_wpcf7_locale\" value=\"en_US\" \/><input type=\"hidden\" name=\"_wpcf7_unit_tag\" value=\"wpcf7-f10536-o1\" \/><input type=\"hidden\" name=\"_wpcf7_container_post\" value=\"0\" \/><input type=\"hidden\" name=\"_wpcf7_posted_data_hash\" value=\"\" \/>\n<\/fieldset>\n<p><label>Nombre<br \/>\n<span class=\"wpcf7-form-control-wrap\" data-name=\"your-name\"><input size=\"40\" maxlength=\"400\" class=\"wpcf7-form-control wpcf7-text wpcf7-validates-as-required\" aria-required=\"true\" aria-invalid=\"false\" placeholder=\"\" value=\"\" type=\"text\" name=\"your-name\" \/><\/span><\/label>\n<\/p>\n<p><label>Tel\u00e9fono<br \/>\n<span class=\"wpcf7-form-control-wrap\" data-name=\"tel-686\"><input size=\"40\" maxlength=\"400\" class=\"wpcf7-form-control wpcf7-tel wpcf7-validates-as-required wpcf7-text wpcf7-validates-as-tel\" aria-required=\"true\" aria-invalid=\"false\" placeholder=\"\" value=\"\" type=\"tel\" name=\"tel-686\" \/><\/span><\/label>\n<\/p>\n<p><label>Correo electr\u00f3nico<br \/>\n<span class=\"wpcf7-form-control-wrap\" data-name=\"your-email\"><input size=\"40\" maxlength=\"400\" class=\"wpcf7-form-control wpcf7-email wpcf7-validates-as-required wpcf7-text wpcf7-validates-as-email\" aria-required=\"true\" aria-invalid=\"false\" placeholder=\"\" value=\"\" type=\"email\" name=\"your-email\" \/><\/span><\/label>\n<\/p>\n<p><label> Procedimiento de inter\u00e9s<br \/>\n<span class=\"wpcf7-form-control-wrap\" data-name=\"menu-480\"><select class=\"wpcf7-form-control wpcf7-select wpcf7-validates-as-required\" aria-required=\"true\" aria-invalid=\"false\" name=\"menu-480\"><option value=\"\">&#8212;Please choose an option&#8212;<\/option><option value=\"Fillers\">Fillers<\/option><option value=\"Botox\">Botox<\/option><\/select><\/span><\/label>\n<\/p>\n<p><label>Mensaje<br \/>\n<span class=\"wpcf7-form-control-wrap\" data-name=\"your-message\"><textarea cols=\"40\" rows=\"10\" maxlength=\"2000\" class=\"wpcf7-form-control wpcf7-textarea\" aria-invalid=\"false\" placeholder=\"\" name=\"your-message\"><\/textarea><\/span><\/label>\n<\/p>\n<div class=\"mkdf-cf7-btn\">\n\t<div class=\"mkdf-cf7-text\">\n\t\t<p><input class=\"wpcf7-form-control wpcf7-submit has-spinner\" type=\"submit\" value=\"Enviar\" \/>\n\t\t<\/p>\n\t<\/div>\n\t<div class=\"mkdf-cf7-icon-holder\">\n\t<\/div>\n<\/div><div class=\"wpcf7-response-output\" aria-hidden=\"true\"><\/div>\n<\/form>\n<\/div>\n[vc_empty_space][\/vc_column][\/vc_row][vc_row][vc_column][vc_raw_html]JTNDaWZyYW1lJTIwc3JjJTNEJTIyaHR0cHMlM0ElMkYlMkZ3d3cuZ29vZ2xlLmNvbSUyRm1hcHMlMkZlbWJlZCUzRnBiJTNEJTIxMW0xNCUyMTFtOCUyMTFtMyUyMTFkMTI0NzcuMjgwODE1OTQ1MDM2JTIxMmQtMTIxLjQxODIwNjklMjEzZDM4LjU3MjQ3MzUlMjEzbTIlMjExaTEwMjQlMjEyaTc2OCUyMTRmMTMuMSUyMTNtMyUyMTFtMiUyMTFzMHgwJTI1M0EweGMzM2MzMTcyMTllNmE3MCUyMTJzSWRlYWwlMjUyMFBsYXN0aWMlMjUyMFN1cmdlcnklMjE1ZTAlMjEzbTIlMjExc2VzJTIxMnNjbyUyMTR2MTY0NTIxOTA4MjE2NSUyMTVtMiUyMTFzZXMlMjEyc2NvJTIyJTIwd2lkdGglM0QlMjIyMDAwJTIyJTIwaGVpZ2h0JTNEJTIyNjAwJTIyJTIwc3R5bGUlM0QlMjJib3JkZXIlM0EwJTNCJTIyJTIwYWxsb3dmdWxsc2NyZWVuJTNEJTIyJTIyJTIwbG9hZGluZyUzRCUyMmxhenklMjIlM0UlM0MlMkZpZnJhbWUlM0U=[\/vc_raw_html][\/vc_column][\/vc_row]<\/p>\n<\/section>","protected":false},"excerpt":{"rendered":"<p>[vc_row][vc_column][vc_empty_space height=\u00bb150px\u00bb el_class=\u00bbespaciomovil\u00bb][\/vc_column][\/vc_row][vc_row row_content_width=\u00bbgrid\u00bb css=\u00bb.vc_custom_1629972954181{padding-top: 100px !important;padding-bottom: 61px !important;}\u00bb el_class=\u00bb.mkdf-contact-info\u00bb][vc_column css=\u00bb.vc_custom_1630679422600{margin-top: -30px !important;}\u00bb offset=\u00bbvc_col-lg-6 vc_col-xs-12&#8243;][vc_empty_space][vc_column_text] \u00a1Reserve su consulta con nosotros! Tenemos una tarifa de consulta de $50 que se aplica al costo de su procedimiento ideal. Despu\u00e9s de llenar el [&hellip;]<\/p>\n","protected":false},"author":1,"featured_media":0,"parent":0,"menu_order":0,"comment_status":"closed","ping_status":"closed","template":"full-width.php","meta":{"footnotes":""},"class_list":["post-10519","page","type-page","status-publish","hentry"],"aioseo_notices":[],"aioseo_head":"\n\t\t<!-- All in One SEO Pro 4.9.7.1 - aioseo.com -->\n\t<meta name=\"description\" content=\"CONTACTO \u00a1Reserve su consulta con nosotros! Tenemos una tarifa de consulta de $50 que se aplica al costo de su procedimiento ideal. Despu\u00e9s de llenar el formulario, uno de nuestros consultores se pondr\u00e1 en contacto con usted por tel\u00e9fono para establecer una fecha para su consulta y tomar su informaci\u00f3n de pago. Cirug\u00eda Pl\u00e1stica Ideal\" \/>\n\t<meta name=\"robots\" content=\"noindex, max-snippet:-1, max-image-preview:large, max-video-preview:-1\" \/>\n\t<link rel=\"canonical\" href=\"https:\/\/www.sacramentolips.com\/es\/contacto\/\" \/>\n\t<meta name=\"generator\" content=\"All in One SEO Pro (AIOSEO) 4.9.7.1\" \/>\n\t\t<script type=\"application\/ld+json\" class=\"aioseo-schema\">\n\t\t\t{\"@context\":\"https:\\\/\\\/schema.org\",\"@graph\":[{\"@type\":\"BreadcrumbList\",\"@id\":\"https:\\\/\\\/www.sacramentolips.com\\\/es\\\/contacto\\\/#breadcrumblist\",\"itemListElement\":[{\"@type\":\"ListItem\",\"@id\":\"https:\\\/\\\/www.sacramentolips.com\\\/es\\\/#listItem\",\"position\":1,\"name\":\"Home\",\"item\":\"https:\\\/\\\/www.sacramentolips.com\\\/es\\\/\",\"nextItem\":{\"@type\":\"ListItem\",\"@id\":\"https:\\\/\\\/www.sacramentolips.com\\\/es\\\/contacto\\\/#listItem\",\"name\":\"Contacto\"}},{\"@type\":\"ListItem\",\"@id\":\"https:\\\/\\\/www.sacramentolips.com\\\/es\\\/contacto\\\/#listItem\",\"position\":2,\"name\":\"Contacto\",\"previousItem\":{\"@type\":\"ListItem\",\"@id\":\"https:\\\/\\\/www.sacramentolips.com\\\/es\\\/#listItem\",\"name\":\"Home\"}}]},{\"@type\":\"Organization\",\"@id\":\"https:\\\/\\\/www.sacramentolips.com\\\/es\\\/#organization\",\"name\":\"Sacramento Lips\",\"description\":\"Centro de inyectables\",\"url\":\"https:\\\/\\\/www.sacramentolips.com\\\/es\\\/\"},{\"@type\":\"WebPage\",\"@id\":\"https:\\\/\\\/www.sacramentolips.com\\\/es\\\/contacto\\\/#webpage\",\"url\":\"https:\\\/\\\/www.sacramentolips.com\\\/es\\\/contacto\\\/\",\"name\":\"Contacto - Sacramento Lips\",\"description\":\"CONTACTO \\u00a1Reserve su consulta con nosotros! Tenemos una tarifa de consulta de $50 que se aplica al costo de su procedimiento ideal. Despu\\u00e9s de llenar el formulario, uno de nuestros consultores se pondr\\u00e1 en contacto con usted por tel\\u00e9fono para establecer una fecha para su consulta y tomar su informaci\\u00f3n de pago. Cirug\\u00eda Pl\\u00e1stica Ideal\",\"inLanguage\":\"es-ES\",\"isPartOf\":{\"@id\":\"https:\\\/\\\/www.sacramentolips.com\\\/es\\\/#website\"},\"breadcrumb\":{\"@id\":\"https:\\\/\\\/www.sacramentolips.com\\\/es\\\/contacto\\\/#breadcrumblist\"},\"datePublished\":\"2017-04-20T14:56:27+00:00\",\"dateModified\":\"2026-04-14T20:18:41+00:00\"},{\"@type\":\"WebSite\",\"@id\":\"https:\\\/\\\/www.sacramentolips.com\\\/es\\\/#website\",\"url\":\"https:\\\/\\\/www.sacramentolips.com\\\/es\\\/\",\"name\":\"Sacramento Lips\",\"description\":\"Centro de inyectables\",\"inLanguage\":\"es-ES\",\"publisher\":{\"@id\":\"https:\\\/\\\/www.sacramentolips.com\\\/es\\\/#organization\"}}]}\n\t\t<\/script>\n\t\t<!-- All in One SEO Pro -->\r\n\t\t<title>Contacto - Sacramento Lips<\/title>\n\n","aioseo_head_json":{"title":"Contacto - Sacramento Lips","description":"CONTACTO \u00a1Reserve su consulta con nosotros! Tenemos una tarifa de consulta de $50 que se aplica al costo de su procedimiento ideal. Despu\u00e9s de llenar el formulario, uno de nuestros consultores se pondr\u00e1 en contacto con usted por tel\u00e9fono para establecer una fecha para su consulta y tomar su informaci\u00f3n de pago. Cirug\u00eda Pl\u00e1stica Ideal","canonical_url":"https:\/\/www.sacramentolips.com\/es\/contacto\/","robots":"noindex, max-snippet:-1, max-image-preview:large, max-video-preview:-1","keywords":"","webmasterTools":{"miscellaneous":""},"schema":{"@context":"https:\/\/schema.org","@graph":[{"@type":"BreadcrumbList","@id":"https:\/\/www.sacramentolips.com\/es\/contacto\/#breadcrumblist","itemListElement":[{"@type":"ListItem","@id":"https:\/\/www.sacramentolips.com\/es\/#listItem","position":1,"name":"Home","item":"https:\/\/www.sacramentolips.com\/es\/","nextItem":{"@type":"ListItem","@id":"https:\/\/www.sacramentolips.com\/es\/contacto\/#listItem","name":"Contacto"}},{"@type":"ListItem","@id":"https:\/\/www.sacramentolips.com\/es\/contacto\/#listItem","position":2,"name":"Contacto","previousItem":{"@type":"ListItem","@id":"https:\/\/www.sacramentolips.com\/es\/#listItem","name":"Home"}}]},{"@type":"Organization","@id":"https:\/\/www.sacramentolips.com\/es\/#organization","name":"Sacramento Lips","description":"Centro de inyectables","url":"https:\/\/www.sacramentolips.com\/es\/"},{"@type":"WebPage","@id":"https:\/\/www.sacramentolips.com\/es\/contacto\/#webpage","url":"https:\/\/www.sacramentolips.com\/es\/contacto\/","name":"Contacto - Sacramento Lips","description":"CONTACTO \u00a1Reserve su consulta con nosotros! Tenemos una tarifa de consulta de $50 que se aplica al costo de su procedimiento ideal. Despu\u00e9s de llenar el formulario, uno de nuestros consultores se pondr\u00e1 en contacto con usted por tel\u00e9fono para establecer una fecha para su consulta y tomar su informaci\u00f3n de pago. Cirug\u00eda Pl\u00e1stica Ideal","inLanguage":"es-ES","isPartOf":{"@id":"https:\/\/www.sacramentolips.com\/es\/#website"},"breadcrumb":{"@id":"https:\/\/www.sacramentolips.com\/es\/contacto\/#breadcrumblist"},"datePublished":"2017-04-20T14:56:27+00:00","dateModified":"2026-04-14T20:18:41+00:00"},{"@type":"WebSite","@id":"https:\/\/www.sacramentolips.com\/es\/#website","url":"https:\/\/www.sacramentolips.com\/es\/","name":"Sacramento Lips","description":"Centro de inyectables","inLanguage":"es-ES","publisher":{"@id":"https:\/\/www.sacramentolips.com\/es\/#organization"}}]}},"aioseo_meta_data":{"post_id":"10519","title":null,"description":null,"keywords":null,"keyphrases":{"focus":{"keyphrase":"","score":0,"analysis":{"keyphraseInTitle":{"score":0,"maxScore":9,"error":1}}},"additional":[]},"primary_term":null,"canonical_url":null,"og_title":null,"og_description":null,"og_object_type":"default","og_image_type":"content","og_image_url":"","og_image_width":"0","og_image_height":"0","og_image_custom_url":null,"og_image_custom_fields":null,"og_video":"","og_custom_url":null,"og_article_section":null,"og_article_tags":null,"twitter_use_og":true,"twitter_card":"default","twitter_image_type":"default","twitter_image_url":null,"twitter_image_custom_url":null,"twitter_image_custom_fields":null,"twitter_title":null,"twitter_description":null,"schema":{"blockGraphs":[],"customGraphs":[],"default":{"data":{"Article":[],"Course":[],"Dataset":[],"FAQPage":[],"Movie":[],"Person":[],"Product":[],"ProductReview":[],"Car":[],"Recipe":[],"Service":[],"SoftwareApplication":[],"WebPage":[]},"graphName":"WebPage","isEnabled":true},"graphs":[]},"schema_type":"default","schema_type_options":null,"pillar_content":false,"robots_default":false,"robots_noindex":true,"robots_noarchive":false,"robots_nosnippet":false,"robots_nofollow":false,"robots_noimageindex":false,"robots_noodp":false,"robots_notranslate":false,"robots_max_snippet":"-1","robots_max_videopreview":"-1","robots_max_imagepreview":"large","priority":null,"frequency":"default","local_seo":null,"seo_analyzer_scan_date":"2026-04-15 05:17:41","breadcrumb_settings":null,"limit_modified_date":false,"open_ai":"{\"title\":{\"suggestions\":[],\"usage\":0},\"description\":{\"suggestions\":[],\"usage\":0}}","ai":{"faqs":[],"keyPoints":[],"titles":[],"descriptions":[],"socialPosts":{"email":[],"linkedin":[],"twitter":[],"facebook":[],"instagram":[]}},"created":"2023-10-26 13:06:14","updated":"2026-04-15 05:29:48"},"aioseo_breadcrumb":"<div class=\"aioseo-breadcrumbs\"><span class=\"aioseo-breadcrumb\">\n\t<a href=\"https:\/\/www.sacramentolips.com\/es\/\" title=\"Home\">Home<\/a>\n<\/span><span class=\"aioseo-breadcrumb-separator\">&raquo;<\/span><span class=\"aioseo-breadcrumb\">\n\tContacto\n<\/span><\/div>","aioseo_breadcrumb_json":[{"label":"Home","link":"https:\/\/www.sacramentolips.com\/es\/"},{"label":"Contacto","link":"https:\/\/www.sacramentolips.com\/es\/contacto\/"}],"_links":{"self":[{"href":"https:\/\/www.sacramentolips.com\/es\/wp-json\/wp\/v2\/pages\/10519","targetHints":{"allow":["GET"]}}],"collection":[{"href":"https:\/\/www.sacramentolips.com\/es\/wp-json\/wp\/v2\/pages"}],"about":[{"href":"https:\/\/www.sacramentolips.com\/es\/wp-json\/wp\/v2\/types\/page"}],"author":[{"embeddable":true,"href":"https:\/\/www.sacramentolips.com\/es\/wp-json\/wp\/v2\/users\/1"}],"replies":[{"embeddable":true,"href":"https:\/\/www.sacramentolips.com\/es\/wp-json\/wp\/v2\/comments?post=10519"}],"version-history":[{"count":0,"href":"https:\/\/www.sacramentolips.com\/es\/wp-json\/wp\/v2\/pages\/10519\/revisions"}],"wp:attachment":[{"href":"https:\/\/www.sacramentolips.com\/es\/wp-json\/wp\/v2\/media?parent=10519"}],"curies":[{"name":"wp","href":"https:\/\/api.w.org\/{rel}","templated":true}]}}