{"id":10453,"date":"2017-04-21T09:57:29","date_gmt":"2017-04-21T09:57:29","guid":{"rendered":"https:\/\/sacramentolips.com\/marcas\/"},"modified":"2024-11-14T16:35:20","modified_gmt":"2024-11-14T16:35:20","slug":"marcas-de-inyectables","status":"publish","type":"page","link":"https:\/\/www.sacramentolips.com\/es\/marcas-de-inyectables\/","title":{"rendered":"MARCAS DE INYECTABLES"},"content":{"rendered":"<section class=\"wpb-content-wrapper\"><p>[vc_row css=\u00bb.vc_custom_1731595429247{margin-top: 100px !important;}\u00bb][vc_column][vc_empty_space height=\u00bb30px\u00bb][vc_column_text]<span style=\"vertical-align: inherit;\"><span style=\"vertical-align: inherit;\">[\/vc_column_text][\/vc_column][\/vc_row][vc_row row_content_width=\u00bbgrid\u00bb css=\u00bb.vc_custom_1731601619341{padding-top: 50px !important;}\u00bb el_class=\u00bbtitle-ca\u00bb][vc_column css=\u00bb.vc_custom_1731598872955{margin-top: -50px !important;margin-bottom: 30px !important;}\u00bb][vc_custom_heading text=\u00bbNUESTRAS MARCAS\u00bb font_container=\u00bbtag:h2|text_align:center|color:%23545c63&#8243; google_fonts=\u00bbfont_family:montserrat%3Aregular\u00bb][\/vc_column][\/vc_row][vc_row row_content_width=\u00bbgrid\u00bb css=\u00bb.vc_custom_1731599884815{padding-top: 70px !important;}\u00bb][vc_column css=\u00bb.vc_custom_1731598872955{margin-top: -50px !important;margin-bottom: 30px !important;}\u00bb][vc_column_text]At Sacramento Lips, we use the most prestigious dermal filler brands to ensure you get natural-looking, long-lasting results:[\/vc_column_text][\/vc_column][\/vc_row][vc_row row_content_width=\u00bbgrid\u00bb css=\u00bb.vc_custom_1731599871961{padding-bottom: 30px !important;}\u00bb][vc_column offset=\u00bbvc_col-lg-6 vc_col-xs-12&#8243;]<div class=\"mkdf-elements-holder mkdf-one-column mkdf-responsive-mode-768\" ><div class=\"mkdf-eh-item \"  data-item-class=\"mkdf-eh-custom-892174\" data-1280-1600=\"52px 0% 0px\" data-1024-1280=\"39px 0% 0px\" data-768-1024=\"0px 0%\" data-600-768=\"0px 0%\" data-480-600=\"0px 0%\" data-480=\"0px 0%\">\n\t<div class=\"mkdf-eh-item-inner\">\n\t\t<div class=\"mkdf-eh-item-content mkdf-eh-custom-892174\" style=\"padding: 52px 0% 0px\">\n\t\t\t[vc_column_text]<span style=\"font-weight: 400;\"><b><strong>\u2022<\/strong> Voluma: <\/b>Parte de la familia Juvederm, Voluma est\u00e1 dise\u00f1ado para restaurar el volumen en \u00e1reas clave del rostro, como las mejillas. Su f\u00f3rmula de \u00e1cido hialur\u00f3nico a\u00f1ade estructura y un efecto lifting sutil, logrando una apariencia rejuvenecida.<\/span><\/span><\/span><\/p>\n<p><b><span style=\"font-weight: 400;\"><strong>\u2022 <\/strong><\/span>Volbella: <\/b><span style=\"font-weight: 400;\">Este relleno es ideal para suavizar las l\u00edneas finas alrededor de los labios y aumentar el volumen sutilmente. Su f\u00f3rmula de \u00e1cido hialur\u00f3nico atrae y retiene la humedad, proporcionando un acabado suave y natural.<\/span><\/p>\n<p><b><span style=\"font-weight: 400;\"><strong>\u2022 <\/strong><\/span>Kysse: <\/b><span style=\"font-weight: 400;\">Dise\u00f1ado espec\u00edficamente para los labios, Kysse de Restylane a\u00f1ade volumen y define los contornos, al mismo tiempo que mantiene la suavidad y flexibilidad en la expresi\u00f3n facial.<\/span><\/p>\n<p>&nbsp;<\/p>\n<div id=\"gtx-trans\" style=\"position: absolute; left: -14px; top: 190px;\">\n<div class=\"gtx-trans-icon\"><\/div>\n<\/div>\n<p>[\/vc_column_text][vc_empty_space height=\u00bb14px\u00bb]\t\t<\/div>\n\t<\/div>\n<\/div><\/div>[vc_empty_space height=\u00bb50px\u00bb][\/vc_column][vc_column offset=\u00bbvc_col-lg-6 vc_col-xs-12&#8243;][vc_single_image image=\u00bb10429&#8243; img_size=\u00bb700 x 550&#8243; alignment=\u00bbcenter\u00bb][vc_empty_space height=\u00bb50px\u00bb][\/vc_column][\/vc_row][vc_row row_content_width=\u00bbgrid\u00bb][vc_column][vc_separator color=\u00bbcustom\u00bb accent_color=\u00bb#e1e1e1&#8243;][\/vc_column][\/vc_row][vc_row row_content_width=\u00bbgrid\u00bb css=\u00bb.vc_custom_1654552042242{padding-top: 50px !important;}\u00bb][vc_column offset=\u00bbvc_col-lg-6 vc_col-md-12 vc_col-xs-12&#8243;][vc_single_image image=\u00bb10431&#8243; img_size=\u00bb700 x 550&#8243; alignment=\u00bbcenter\u00bb][vc_empty_space height=\u00bb30px\u00bb][\/vc_column][vc_column offset=\u00bbvc_col-lg-6 vc_col-xs-12&#8243;]<div class=\"mkdf-elements-holder mkdf-one-column mkdf-responsive-mode-768\" ><div class=\"mkdf-eh-item \"  data-item-class=\"mkdf-eh-custom-223971\" data-1280-1600=\"52px 0% 0px\" data-1024-1280=\"38px 0% 0px\" data-768-1024=\"0px 0%\" data-600-768=\"0px 0%\" data-480-600=\"0px 0%\" data-480=\"0px 0%\">\n\t<div class=\"mkdf-eh-item-inner\">\n\t\t<div class=\"mkdf-eh-item-content mkdf-eh-custom-223971\" style=\"padding: 40px 0% 0px\">\n\t\t\t[vc_column_text]<b><span style=\"font-weight: 400;\"><strong>\u2022 <\/strong><\/span><\/b><b>Restylane y Restylane Refyne: <\/b><span style=\"font-weight: 400;\">Son rellenos de \u00e1cido hialur\u00f3nico que no solo rellenan l\u00edneas y arrugas, sino que tambi\u00e9n mejoran la hidrataci\u00f3n y elasticidad de la piel, d\u00e1ndole un aspecto m\u00e1s joven y terso. Refyne se utiliza especialmente para mantener la naturalidad de las expresiones faciales.<\/span><\/p>\n<p><b><span style=\"font-weight: 400;\"><strong>\u2022 <\/strong><\/span><\/b><b>Sculptra: <\/b><span style=\"font-weight: 400;\">Un estimulador de col\u00e1geno que ofrece resultados graduales pero duraderos. Es perfecto para quienes buscan restaurar el volumen perdido a lo largo del tiempo, logrando una apariencia rejuvenecida de manera natural.<\/span><\/p>\n<p><b><span style=\"font-weight: 400;\"><strong>\u2022 <\/strong><\/span>Ultra: <span style=\"font-weight: 400;\">Otro miembro de la familia Juvederm, Ultra es ideal para aumentar el volumen de los labios y las \u00e1reas del rostro que necesitan un realce visible, ofreciendo resultados suaves y definidos.<\/span><\/b>[\/vc_column_text]\t\t<\/div>\n\t<\/div>\n<\/div><\/div>[\/vc_column][\/vc_row][vc_row row_content_width=\u00bbgrid\u00bb css=\u00bb.vc_custom_1730480978433{padding-top: 50px !important;}\u00bb][vc_column css=\u00bb.vc_custom_1730483188563{margin-top: -50px !important;margin-bottom: 50px !important;}\u00bb][vc_column_text]<span style=\"font-weight: 400;\">Para Lips Only, utilizamos principalmente <\/span><b>Kysse<\/b><span style=\"font-weight: 400;\">, y en algunas ocasiones <\/span><b>Voluma o Volbella<\/b><span style=\"font-weight: 400;\">, dependiendo de tus necesidades espec\u00edficas.<\/span><\/p>\n<p><span style=\"font-weight: 400;\">Es posible que se necesiten m\u00e1s de una sesi\u00f3n para obtener los resultados \u00f3ptimos.<\/span>[\/vc_column_text][\/vc_column][\/vc_row]<\/p>\n<\/section>","protected":false},"excerpt":{"rendered":"<p>[vc_row css=\u00bb.vc_custom_1731595429247{margin-top: 100px !important;}\u00bb][vc_column][vc_empty_space height=\u00bb30px\u00bb][vc_column_text][\/vc_column_text][\/vc_column][\/vc_row][vc_row row_content_width=\u00bbgrid\u00bb css=\u00bb.vc_custom_1731601619341{padding-top: 50px !important;}\u00bb el_class=\u00bbtitle-ca\u00bb][vc_column css=\u00bb.vc_custom_1731598872955{margin-top: -50px !important;margin-bottom: 30px !important;}\u00bb][vc_custom_heading text=\u00bbNUESTRAS MARCAS\u00bb font_container=\u00bbtag:h2|text_align:center|color:%23545c63&#8243; google_fonts=\u00bbfont_family:montserrat%3Aregular\u00bb][\/vc_column][\/vc_row][vc_row row_content_width=\u00bbgrid\u00bb css=\u00bb.vc_custom_1731599884815{padding-top: 70px !important;}\u00bb][vc_column css=\u00bb.vc_custom_1731598872955{margin-top: -50px !important;margin-bottom: 30px !important;}\u00bb][vc_column_text]At Sacramento Lips, we use the most prestigious dermal filler brands to ensure [&hellip;]<\/p>\n","protected":false},"author":1,"featured_media":0,"parent":0,"menu_order":0,"comment_status":"closed","ping_status":"closed","template":"full-width.php","meta":{"footnotes":""},"class_list":["post-10453","page","type-page","status-publish","hentry"],"aioseo_notices":[],"aioseo_head":"\n\t\t<!-- All in One SEO Pro 4.9.6.2 - aioseo.com -->\n\t<meta name=\"description\" content=\"NUESTRAS MARCAS At Sacramento Lips, we use the most prestigious dermal filler brands to ensure you get natural-looking, long-lasting results: \u2022 Voluma: Parte de la familia Juvederm, Voluma est\u00e1 dise\u00f1ado para restaurar el volumen en \u00e1reas clave del rostro, como las mejillas. Su f\u00f3rmula de \u00e1cido hialur\u00f3nico a\u00f1ade estructura y un efecto lifting sutil, logrando\" \/>\n\t<meta name=\"robots\" content=\"noindex, max-snippet:-1, max-image-preview:large, max-video-preview:-1\" \/>\n\t<link rel=\"canonical\" href=\"https:\/\/www.sacramentolips.com\/es\/marcas-de-inyectables\/\" \/>\n\t<meta name=\"generator\" content=\"All in One SEO Pro (AIOSEO) 4.9.6.2\" \/>\n\t\t<script type=\"application\/ld+json\" class=\"aioseo-schema\">\n\t\t\t{\"@context\":\"https:\\\/\\\/schema.org\",\"@graph\":[{\"@type\":\"BreadcrumbList\",\"@id\":\"https:\\\/\\\/www.sacramentolips.com\\\/es\\\/marcas-de-inyectables\\\/#breadcrumblist\",\"itemListElement\":[{\"@type\":\"ListItem\",\"@id\":\"https:\\\/\\\/www.sacramentolips.com\\\/es\\\/#listItem\",\"position\":1,\"name\":\"Home\",\"item\":\"https:\\\/\\\/www.sacramentolips.com\\\/es\\\/\",\"nextItem\":{\"@type\":\"ListItem\",\"@id\":\"https:\\\/\\\/www.sacramentolips.com\\\/es\\\/marcas-de-inyectables\\\/#listItem\",\"name\":\"MARCAS DE INYECTABLES\"}},{\"@type\":\"ListItem\",\"@id\":\"https:\\\/\\\/www.sacramentolips.com\\\/es\\\/marcas-de-inyectables\\\/#listItem\",\"position\":2,\"name\":\"MARCAS DE INYECTABLES\",\"previousItem\":{\"@type\":\"ListItem\",\"@id\":\"https:\\\/\\\/www.sacramentolips.com\\\/es\\\/#listItem\",\"name\":\"Home\"}}]},{\"@type\":\"Organization\",\"@id\":\"https:\\\/\\\/www.sacramentolips.com\\\/es\\\/#organization\",\"name\":\"Sacramento Lips\",\"description\":\"Centro de inyectables\",\"url\":\"https:\\\/\\\/www.sacramentolips.com\\\/es\\\/\"},{\"@type\":\"WebPage\",\"@id\":\"https:\\\/\\\/www.sacramentolips.com\\\/es\\\/marcas-de-inyectables\\\/#webpage\",\"url\":\"https:\\\/\\\/www.sacramentolips.com\\\/es\\\/marcas-de-inyectables\\\/\",\"name\":\"MARCAS DE INYECTABLES - Sacramento Lips\",\"description\":\"NUESTRAS MARCAS At Sacramento Lips, we use the most prestigious dermal filler brands to ensure you get natural-looking, long-lasting results: \\u2022 Voluma: Parte de la familia Juvederm, Voluma est\\u00e1 dise\\u00f1ado para restaurar el volumen en \\u00e1reas clave del rostro, como las mejillas. Su f\\u00f3rmula de \\u00e1cido hialur\\u00f3nico a\\u00f1ade estructura y un efecto lifting sutil, logrando\",\"inLanguage\":\"es-ES\",\"isPartOf\":{\"@id\":\"https:\\\/\\\/www.sacramentolips.com\\\/es\\\/#website\"},\"breadcrumb\":{\"@id\":\"https:\\\/\\\/www.sacramentolips.com\\\/es\\\/marcas-de-inyectables\\\/#breadcrumblist\"},\"datePublished\":\"2017-04-21T09:57:29+00:00\",\"dateModified\":\"2024-11-14T16:35:20+00:00\"},{\"@type\":\"WebSite\",\"@id\":\"https:\\\/\\\/www.sacramentolips.com\\\/es\\\/#website\",\"url\":\"https:\\\/\\\/www.sacramentolips.com\\\/es\\\/\",\"name\":\"Sacramento Lips\",\"description\":\"Centro de inyectables\",\"inLanguage\":\"es-ES\",\"publisher\":{\"@id\":\"https:\\\/\\\/www.sacramentolips.com\\\/es\\\/#organization\"}}]}\n\t\t<\/script>\n\t\t<!-- All in One SEO Pro -->\r\n\t\t<title>MARCAS DE INYECTABLES - Sacramento Lips<\/title>\n\n","aioseo_head_json":{"title":"MARCAS DE INYECTABLES - Sacramento Lips","description":"NUESTRAS MARCAS At Sacramento Lips, we use the most prestigious dermal filler brands to ensure you get natural-looking, long-lasting results: \u2022 Voluma: Parte de la familia Juvederm, Voluma est\u00e1 dise\u00f1ado para restaurar el volumen en \u00e1reas clave del rostro, como las mejillas. Su f\u00f3rmula de \u00e1cido hialur\u00f3nico a\u00f1ade estructura y un efecto lifting sutil, logrando","canonical_url":"https:\/\/www.sacramentolips.com\/es\/marcas-de-inyectables\/","robots":"noindex, max-snippet:-1, max-image-preview:large, max-video-preview:-1","keywords":"","webmasterTools":{"miscellaneous":""},"schema":{"@context":"https:\/\/schema.org","@graph":[{"@type":"BreadcrumbList","@id":"https:\/\/www.sacramentolips.com\/es\/marcas-de-inyectables\/#breadcrumblist","itemListElement":[{"@type":"ListItem","@id":"https:\/\/www.sacramentolips.com\/es\/#listItem","position":1,"name":"Home","item":"https:\/\/www.sacramentolips.com\/es\/","nextItem":{"@type":"ListItem","@id":"https:\/\/www.sacramentolips.com\/es\/marcas-de-inyectables\/#listItem","name":"MARCAS DE INYECTABLES"}},{"@type":"ListItem","@id":"https:\/\/www.sacramentolips.com\/es\/marcas-de-inyectables\/#listItem","position":2,"name":"MARCAS DE INYECTABLES","previousItem":{"@type":"ListItem","@id":"https:\/\/www.sacramentolips.com\/es\/#listItem","name":"Home"}}]},{"@type":"Organization","@id":"https:\/\/www.sacramentolips.com\/es\/#organization","name":"Sacramento Lips","description":"Centro de inyectables","url":"https:\/\/www.sacramentolips.com\/es\/"},{"@type":"WebPage","@id":"https:\/\/www.sacramentolips.com\/es\/marcas-de-inyectables\/#webpage","url":"https:\/\/www.sacramentolips.com\/es\/marcas-de-inyectables\/","name":"MARCAS DE INYECTABLES - Sacramento Lips","description":"NUESTRAS MARCAS At Sacramento Lips, we use the most prestigious dermal filler brands to ensure you get natural-looking, long-lasting results: \u2022 Voluma: Parte de la familia Juvederm, Voluma est\u00e1 dise\u00f1ado para restaurar el volumen en \u00e1reas clave del rostro, como las mejillas. Su f\u00f3rmula de \u00e1cido hialur\u00f3nico a\u00f1ade estructura y un efecto lifting sutil, logrando","inLanguage":"es-ES","isPartOf":{"@id":"https:\/\/www.sacramentolips.com\/es\/#website"},"breadcrumb":{"@id":"https:\/\/www.sacramentolips.com\/es\/marcas-de-inyectables\/#breadcrumblist"},"datePublished":"2017-04-21T09:57:29+00:00","dateModified":"2024-11-14T16:35:20+00:00"},{"@type":"WebSite","@id":"https:\/\/www.sacramentolips.com\/es\/#website","url":"https:\/\/www.sacramentolips.com\/es\/","name":"Sacramento Lips","description":"Centro de inyectables","inLanguage":"es-ES","publisher":{"@id":"https:\/\/www.sacramentolips.com\/es\/#organization"}}]}},"aioseo_meta_data":{"post_id":"10453","title":null,"description":null,"keywords":null,"keyphrases":{"focus":{"keyphrase":"","score":0,"analysis":{"keyphraseInTitle":{"score":0,"maxScore":9,"error":1}}},"additional":[]},"primary_term":null,"canonical_url":null,"og_title":null,"og_description":null,"og_object_type":"default","og_image_type":"content","og_image_url":"","og_image_width":"0","og_image_height":"0","og_image_custom_url":null,"og_image_custom_fields":null,"og_video":"","og_custom_url":null,"og_article_section":null,"og_article_tags":null,"twitter_use_og":true,"twitter_card":"default","twitter_image_type":"default","twitter_image_url":null,"twitter_image_custom_url":null,"twitter_image_custom_fields":null,"twitter_title":null,"twitter_description":null,"schema":{"blockGraphs":[],"customGraphs":[],"default":{"data":{"Article":[],"Course":[],"Dataset":[],"FAQPage":[],"Movie":[],"Person":[],"Product":[],"ProductReview":[],"Car":[],"Recipe":[],"Service":[],"SoftwareApplication":[],"WebPage":[]},"graphName":"WebPage","isEnabled":true},"graphs":[]},"schema_type":"default","schema_type_options":null,"pillar_content":false,"robots_default":false,"robots_noindex":true,"robots_noarchive":false,"robots_nosnippet":false,"robots_nofollow":false,"robots_noimageindex":false,"robots_noodp":false,"robots_notranslate":false,"robots_max_snippet":"-1","robots_max_videopreview":"-1","robots_max_imagepreview":"large","priority":null,"frequency":"default","local_seo":null,"seo_analyzer_scan_date":"2025-08-15 10:22:28","breadcrumb_settings":null,"limit_modified_date":false,"open_ai":"{\"title\":{\"suggestions\":[],\"usage\":0},\"description\":{\"suggestions\":[],\"usage\":0}}","ai":null,"created":"2023-10-26 13:06:14","updated":"2025-10-24 05:46:28"},"aioseo_breadcrumb":"<div class=\"aioseo-breadcrumbs\"><span class=\"aioseo-breadcrumb\">\n\t<a href=\"https:\/\/www.sacramentolips.com\/es\/\" title=\"Home\">Home<\/a>\n<\/span><span class=\"aioseo-breadcrumb-separator\">&raquo;<\/span><span class=\"aioseo-breadcrumb\">\n\tMARCAS DE INYECTABLES\n<\/span><\/div>","aioseo_breadcrumb_json":[{"label":"Home","link":"https:\/\/www.sacramentolips.com\/es\/"},{"label":"MARCAS DE INYECTABLES","link":"https:\/\/www.sacramentolips.com\/es\/marcas-de-inyectables\/"}],"_links":{"self":[{"href":"https:\/\/www.sacramentolips.com\/es\/wp-json\/wp\/v2\/pages\/10453","targetHints":{"allow":["GET"]}}],"collection":[{"href":"https:\/\/www.sacramentolips.com\/es\/wp-json\/wp\/v2\/pages"}],"about":[{"href":"https:\/\/www.sacramentolips.com\/es\/wp-json\/wp\/v2\/types\/page"}],"author":[{"embeddable":true,"href":"https:\/\/www.sacramentolips.com\/es\/wp-json\/wp\/v2\/users\/1"}],"replies":[{"embeddable":true,"href":"https:\/\/www.sacramentolips.com\/es\/wp-json\/wp\/v2\/comments?post=10453"}],"version-history":[{"count":0,"href":"https:\/\/www.sacramentolips.com\/es\/wp-json\/wp\/v2\/pages\/10453\/revisions"}],"wp:attachment":[{"href":"https:\/\/www.sacramentolips.com\/es\/wp-json\/wp\/v2\/media?parent=10453"}],"curies":[{"name":"wp","href":"https:\/\/api.w.org\/{rel}","templated":true}]}}